{"id":2,"date":"2007-02-01T23:14:18","date_gmt":"2007-02-02T05:14:18","guid":{"rendered":""},"modified":"2009-04-26T21:43:39","modified_gmt":"2009-04-26T19:43:39","slug":"about","status":"publish","type":"page","link":"https:\/\/kay-x.net\/log\/about\/","title":{"rendered":"Die \u00fcber-Seite"},"content":{"rendered":"<p>Das ist die Seite \u00fcber diese Seite. Also so im grossen Ganzen gesehen.<\/p>\n<p>Fr\u00fcher hiess die Seite jahrelang &#8218;Das &#8222;Auch ich habe meine Tage&#8220;-Buch vom keks&#8216;. Nach einer Kreativpause allerdings (andere nennen es Faulheit), war ich der Ansicht, neben einem besseren Layout, neuer Technik und einem neuen Untergrund, w\u00e4re auch ein neuer Name angebracht. Tja, da sind wir nun. Und wieder zur\u00fcck. Layout und Technik ist dasEine, aber der alte Name ist eben doch wieder da. Es gibt Dinge, von denen sollte man sich nicht trennen.<\/p>\n<p>Ich behaupte auch nach wie vor, dass dies kein normales Weblog ist, weil nicht JEDES sinnlose Ereignis seinen Niederschlag findet. Also k\u00f6nnen Eintr\u00e4ge v\u00f6llig entgegen den heutigen Lesegewohnheiten von 160 Zeichen auch ausufern.<br \/>\nEs werden relativ wenige Links auftauchen, daf\u00fcr um so mehr pers\u00f6nliche Erlebnisse. Was ihr hier findet habe ich so auch tats\u00e4chlich erlebt. Ausser die Ausfl\u00fcge in rege Phantasien, aber das ist meistens deutlich zu unterscheiden.<\/p>\n<p>Der Grund, damals 1997 anfangen online zu schreiben, war: Mit offenen Augen durchs Leben gehen und den Alltagswahnsinn entdecken. Und sich dabei richtig gut zu unterhalten. Sehen wir doch einfach, wohin uns diese Absicht noch so f\u00fchren mag&#8230;<\/p>\n","protected":false},"excerpt":{"rendered":"<p>Das ist die Seite \u00fcber diese Seite. Also so im grossen Ganzen gesehen. Fr\u00fcher hiess die Seite jahrelang &#8218;Das &#8222;Auch ich habe meine Tage&#8220;-Buch vom keks&#8216;. Nach einer Kreativpause allerdings (andere nennen es Faulheit), war ich der Ansicht, neben einem besseren Layout, neuer Technik&#8230;<\/p>\n","protected":false},"author":1,"featured_media":0,"parent":0,"menu_order":0,"comment_status":"open","ping_status":"open","template":"","meta":{"jetpack_post_was_ever_published":false,"footnotes":""},"class_list":["post-2","page","type-page","status-publish","hentry"],"jetpack_shortlink":"https:\/\/wp.me\/Pdv7H-2","_links":{"self":[{"href":"https:\/\/kay-x.net\/log\/wp-json\/wp\/v2\/pages\/2","targetHints":{"allow":["GET"]}}],"collection":[{"href":"https:\/\/kay-x.net\/log\/wp-json\/wp\/v2\/pages"}],"about":[{"href":"https:\/\/kay-x.net\/log\/wp-json\/wp\/v2\/types\/page"}],"author":[{"embeddable":true,"href":"https:\/\/kay-x.net\/log\/wp-json\/wp\/v2\/users\/1"}],"replies":[{"embeddable":true,"href":"https:\/\/kay-x.net\/log\/wp-json\/wp\/v2\/comments?post=2"}],"version-history":[{"count":0,"href":"https:\/\/kay-x.net\/log\/wp-json\/wp\/v2\/pages\/2\/revisions"}],"wp:attachment":[{"href":"https:\/\/kay-x.net\/log\/wp-json\/wp\/v2\/media?parent=2"}],"curies":[{"name":"wp","href":"https:\/\/api.w.org\/{rel}","templated":true}]}}